{"id":1021,"date":"2020-09-03T13:18:48","date_gmt":"2020-09-03T13:18:48","guid":{"rendered":"http:\/\/distribuidorawollen.com.ar\/?page_id=1021"},"modified":"2020-10-07T00:37:50","modified_gmt":"2020-10-07T00:37:50","slug":"nosotros","status":"publish","type":"page","link":"https:\/\/distribuidorawollen.com.ar\/?page_id=1021","title":{"rendered":"Nosotros"},"content":{"rendered":"\n<p>Para que conozcan un poco a <strong>Distribuidora Wollen<\/strong> les presentamos nuestra historia y trayectoria en el mercado interno. <\/p>\n\n\n\n<p>Somos una empresa que se dedica a la fabricacion y distribucion tanto minorista como mayorista de art\u00edculos de limpieza, productos qu\u00edmicos , aromatizacion, papelera, articulos descartable y productos de higiene institucional. <strong>Nos avalan las mejores marcas del pa\u00eds<\/strong>,  como Cif,  Blem, Clorotec, New Clor, Simo, Ayudin, Lysoform, etc.<\/p>\n\n\n\n<p>Tenemos m\u00e1s de 500 articulos. Atendemos a empresas de limpieza, hospitales, sanatorios, laboratorios, instituciones deportivas, colegios, consorcios, hoteles, restaurantes, industrias,lavaderos de ropa, lavaderos de autos, frigor\u00edficos y todos aquellos consumidores masivos.<\/p>\n\n\n\n<p>Basamos nuestras relaciones comerciales en el respeto por lo pactado tanto con nuestros clientes como proveedores, por esto <strong>nos comprometemos siempre a atender y superar las expectativas de nuestros clientes.<\/strong> Para esto contamos con personal altamente capacitado para brindar la mejor soluci\u00f3n a cada necesidad. Nuestro asesoramiento brinda soluciones y apoya de esta manera la gesti\u00f3n en las \u00e1reas de compra y abastecimiento con total eficiencia.<\/p>\n\n\n\n<p>A la garant\u00eda de cada marca unimos la de Distribuidora Wollen en la seguridad de una respuesta inmediata, compromiso, dedicacion y atencion para garantizar la total satisfacci\u00f3n de nuestros clientes.<\/p>\n\n\n\n<p><strong>Con m\u00e1s de 10 a\u00f1os en el mercado<\/strong>, seguimos a la vanguardia de la limpieza, capacitandonos d\u00eda a d\u00eda para poder ofrecerle a nuestros clientes un mejor servicio y asesoramiento, seguimos incorporando proveedores para poder ofrecer las mejores marcas y alternativas del mercado.<\/p>\n","protected":false},"excerpt":{"rendered":"<p>Para que conozcan un poco a Distribuidora Wollen les presentamos nuestra historia y trayectoria en el mercado interno. Somos una empresa que se dedica a la fabricacion y distribucion tanto minorista como mayorista de art\u00edculos de limpieza, productos qu\u00edmicos , aromatizacion, papelera, articulos descartable y productos de higiene institucional. Nos avalan las mejores marcas del [&hellip;]<\/p>\n","protected":false},"author":1,"featured_media":3967,"parent":0,"menu_order":0,"comment_status":"closed","ping_status":"closed","template":"","meta":{"footnotes":""},"class_list":["post-1021","page","type-page","status-publish","has-post-thumbnail","hentry"],"aioseo_notices":[],"_links":{"self":[{"href":"https:\/\/distribuidorawollen.com.ar\/index.php?rest_route=\/wp\/v2\/pages\/1021","targetHints":{"allow":["GET"]}}],"collection":[{"href":"https:\/\/distribuidorawollen.com.ar\/index.php?rest_route=\/wp\/v2\/pages"}],"about":[{"href":"https:\/\/distribuidorawollen.com.ar\/index.php?rest_route=\/wp\/v2\/types\/page"}],"author":[{"embeddable":true,"href":"https:\/\/distribuidorawollen.com.ar\/index.php?rest_route=\/wp\/v2\/users\/1"}],"replies":[{"embeddable":true,"href":"https:\/\/distribuidorawollen.com.ar\/index.php?rest_route=%2Fwp%2Fv2%2Fcomments&post=1021"}],"version-history":[{"count":4,"href":"https:\/\/distribuidorawollen.com.ar\/index.php?rest_route=\/wp\/v2\/pages\/1021\/revisions"}],"predecessor-version":[{"id":4038,"href":"https:\/\/distribuidorawollen.com.ar\/index.php?rest_route=\/wp\/v2\/pages\/1021\/revisions\/4038"}],"wp:featuredmedia":[{"embeddable":true,"href":"https:\/\/distribuidorawollen.com.ar\/index.php?rest_route=\/wp\/v2\/media\/3967"}],"wp:attachment":[{"href":"https:\/\/distribuidorawollen.com.ar\/index.php?rest_route=%2Fwp%2Fv2%2Fmedia&parent=1021"}],"curies":[{"name":"wp","href":"https:\/\/api.w.org\/{rel}","templated":true}]}}